{"id":16,"date":"2023-03-08T22:47:47","date_gmt":"2023-03-08T21:47:47","guid":{"rendered":"http:\/\/amtsolutions.pl\/?page_id=16"},"modified":"2023-04-03T21:02:24","modified_gmt":"2023-04-03T19:02:24","slug":"carrer","status":"publish","type":"page","link":"https:\/\/amtsolutions.pl\/pl\/carrer\/","title":{"rendered":"carrer"},"content":{"rendered":"<div class=\"kb-row-layout-wrap kb-row-layout-id_aede31-df alignnone has-theme-palette8-background-color kt-row-has-bg wp-block-kadence-rowlayout\"><div class=\"kt-blocks-carousel kb-blocks-bg-slider kt-carousel-container-dotstyle-dark\"><div class=\"kt-blocks-carousel-init kb-blocks-bg-slider-init kt-carousel-arrowstyle-none kt-carousel-dotstyle-dark\" data-slider-anim-speed=\"400\" data-slider-type=\"slider\" data-slider-scroll=\"1\" data-slider-arrows=\"false\" data-slider-fade=\"true\" data-slider-dots=\"true\" data-slider-hover-pause=\"false\" data-slider-auto=\"true\" data-slider-speed=\"7000\"><div class=\"kb-bg-slide-contain\"><div class=\"kb-bg-slide kb-bg-slide-0\" style=\"\"><\/div><\/div><\/div><\/div><div class=\"kt-row-layout-overlay kt-row-overlay-normal\"><\/div><div class=\"kt-row-column-wrap kt-has-1-columns kt-row-layout-equal kt-tab-layout-inherit kt-mobile-layout-row kt-row-valign-top kb-theme-content-width\">\n\n<div class=\"wp-block-kadence-column kadence-column_7e0ee4-2f inner-column-1\"><div class=\"kt-inside-inner-col\">\n<h1 class=\"kt-adv-heading_4c85b5-ef wp-block-kadence-advancedheading has-theme-palette-3-color has-text-color\" data-kb-block=\"kb-adv-heading_4c85b5-ef\">KARIERA<\/h1>\n\n\n\n<div class=\"wp-block-kadence-spacer aligncenter kt-block-spacer-_938db7-57\"><div class=\"kt-block-spacer kt-block-spacer-halign-left\"><hr class=\"kt-divider\"\/><\/div><\/div>\n\n\n\n<p class=\"has--font-size\">W zwi\u0105zku z nieustannym rozwojem firmy, regularnie poszukujemy kandydat\u00f3w, kt\u00f3rzy do\u0142\u0105cz\u0105 do naszego zespo\u0142u.<\/p>\n\n\n\n<p><strong>Poszukujemy pracownik\u00f3w na stanowiska:<\/strong><\/p>\n\n\n\n<div class=\"wp-block-group is-content-justification-center is-layout-constrained wp-container-1\" style=\"padding-top:0;padding-right:0;padding-bottom:0;padding-left:0\">\n<ul>\n<li>Elektryk okr\u0119towy<\/li>\n\n\n\n<li>Elektryk przemys\u0142owy<\/li>\n\n\n\n<li>Monter<\/li>\n<\/ul>\n\n\n\n<div class=\"wp-block-kadence-spacer aligncenter kt-block-spacer-_b8ec66-4a\"><div class=\"kt-block-spacer kt-block-spacer-halign-center\"><\/div><\/div>\n\n\n\n<p class=\"has-medium-font-size\"><strong>Oferujemy atrakcyjne wynagrodzenie, w zale\u017cno\u015bci od posiadanego do\u015bwiadczenia, niezb\u0119dne narz\u0119dzia do wykonywania pracy, mo\u017cliwo\u015b\u0107 rozwoju zawodowego.<\/strong><\/p>\n\n\n\n<p class=\"has-medium-font-size\"><\/p>\n\n\n\n<p><\/p>\n\n\n\n<p class=\"has-medium-font-size translation-block\">Je\u017celi jeste\u015b zainteresowany, prze\u015blij nam swoje CV wraz z uprawnieniami na adres <a href=\"mailto:praca@amtsolutions.pl\" target=\"_self\">praca@amtsolutions.pl<\/a>  a na pewno si\u0119 z Tob\u0105 skontaktujemy!<\/p>\n\n\n\n<div class=\"wp-block-kadence-spacer aligncenter kt-block-spacer-_9740cd-ca\"><div class=\"kt-block-spacer kt-block-spacer-halign-center\"><\/div><\/div>\n\n\n\n<p><\/p>\n\n\n\n<p class=\"has-medium-font-size\"><\/p>\n<\/div>\n\n\n\n<div class=\"wp-block-kadence-form kadence-form-_5ac214-a9 kb-form-wrap\"><form class=\"kb-form\" action=\"\" method=\"post\" data-trp-original-action=\"\"><div class=\"kadence-blocks-form-field kb-field-desk-width-100 kb-input-size-standard\"><label for=\"kb_field__5ac214-a9_0\">Imie<\/label><input name=\"kb_field_0\" id=\"kb_field__5ac214-a9_0\" data-label=\"Name\" type=\"text\" placeholder=\"\" value=\"\" data-type=\"text\" class=\"kb-field kb-text-style-field kb-text-field kb-field-0\"\/><\/div><div class=\"kadence-blocks-form-field kb-form-field-1 kb-field-desk-width-100 kb-input-size-standard\"><label for=\"kb_field__5ac214-a9_1\">Email<span class=\"required\">*<\/span><\/label><input name=\"kb_field_1\" id=\"kb_field__5ac214-a9_1\" data-label=\"Email\" type=\"email\" placeholder=\"\" value=\"\" data-type=\"email\" class=\"kb-field kb-text-style-field kb-email-field kb-field-1\" data-required=\"yes\"\/><\/div><div class=\"kadence-blocks-form-field kb-form-field-2 kb-field-desk-width-100 kb-input-size-standard\"><label for=\"kb_field__5ac214-a9_2\">Wiadomo\u015b\u0107<span class=\"required\">*<\/span><\/label><textarea name=\"kb_field_2\" id=\"kb_field__5ac214-a9_2\" data-label=\"Message\" type=\"textarea\" placeholder=\"\" data-type=\"textarea\" class=\"kb-field kb-text-style-field kb-textarea-field kb-field-2\" rows=\"4\" data-required=\"yes\"><\/textarea><\/div><input type=\"hidden\" name=\"_kb_form_id\" value=\"_5ac214-a9\"\/><input type=\"hidden\" name=\"_kb_form_post_id\" value=\"16\"\/><input type=\"hidden\" name=\"action\" value=\"kb_process_ajax_submit\"\/><input class=\"kadence-blocks-field verify\" type=\"text\" name=\"_kb_verify_email\" autocomplete=\"new-password\" aria-hidden=\"true\" placeholder=\"Email\" tabindex=\"-1\" data-1p-ignore=\"true\" data-lpignore=\"true\" \/><div class=\"kadence-blocks-form-field kb-submit-field kb-field-desk-width-100\"><button class=\"kb-forms-submit button kb-button-size-standard kb-button-width-auto\">Prze\u015blij<\/button><\/div><input type=\"hidden\" name=\"trp-form-language\" value=\"pl\"\/><\/form><\/div>\n<noscript><div class=\"kadence-blocks-form-message kadence-blocks-form-warning\">Please enable JavaScript in your browser to submit the form<\/div><style>.kadence-form-_5ac214-a9 .kadence-blocks-form-field.kb-submit-field { display: none; }<\/style><\/noscript>\n\n\n<p><\/p>\n<\/div><\/div>\n\n<\/div><\/div>","protected":false},"excerpt":{"rendered":"<p>Career Due to the continuous development of the company, we are regularly looking for candidates to join our team. We are looking for employees for the following positions: We offer an attractive salary, depending on your experience, the necessary work tools and the possibility of professional development. If you are interested, send us your CV [&hellip;]<\/p>\n","protected":false},"author":2,"featured_media":0,"parent":0,"menu_order":0,"comment_status":"closed","ping_status":"closed","template":"","meta":{"_gspb_post_css":""},"yoast_head":"<!-- This site is optimized with the Yoast SEO plugin v20.11 - https:\/\/yoast.com\/wordpress\/plugins\/seo\/ -->\n<title>carrer - AMT Solutions<\/title>\n<meta name=\"robots\" content=\"index, follow, max-snippet:-1, max-image-preview:large, max-video-preview:-1\" \/>\n<link rel=\"canonical\" href=\"https:\/\/amtsolutions.pl\/pl\/carrer\/\" \/>\n<meta property=\"og:locale\" content=\"pl_PL\" \/>\n<meta property=\"og:type\" content=\"article\" \/>\n<meta property=\"og:title\" content=\"carrer - AMT Solutions\" \/>\n<meta property=\"og:description\" content=\"Career Due to the continuous development of the company, we are regularly looking for candidates to join our team. We are looking for employees for the following positions: We offer an attractive salary, depending on your experience, the necessary work tools and the possibility of professional development. If you are interested, send us your CV [&hellip;]\" \/>\n<meta property=\"og:url\" content=\"https:\/\/amtsolutions.pl\/pl\/carrer\/\" \/>\n<meta property=\"og:site_name\" content=\"AMT Solutions\" \/>\n<meta property=\"article:modified_time\" content=\"2023-04-03T19:02:24+00:00\" \/>\n<meta name=\"twitter:card\" content=\"summary_large_image\" \/>\n<meta name=\"twitter:label1\" content=\"Szacowany czas czytania\" \/>\n\t<meta name=\"twitter:data1\" content=\"1 minuta\" \/>\n<script type=\"application\/ld+json\" class=\"yoast-schema-graph\">{\"@context\":\"https:\/\/schema.org\",\"@graph\":[{\"@type\":\"WebPage\",\"@id\":\"https:\/\/amtsolutions.pl\/carrer\/\",\"url\":\"https:\/\/amtsolutions.pl\/carrer\/\",\"name\":\"carrer - AMT Solutions\",\"isPartOf\":{\"@id\":\"https:\/\/amtsolutions.pl\/#website\"},\"datePublished\":\"2023-03-08T21:47:47+00:00\",\"dateModified\":\"2023-04-03T19:02:24+00:00\",\"breadcrumb\":{\"@id\":\"https:\/\/amtsolutions.pl\/carrer\/#breadcrumb\"},\"inLanguage\":\"pl-PL\",\"potentialAction\":[{\"@type\":\"ReadAction\",\"target\":[\"https:\/\/amtsolutions.pl\/carrer\/\"]}]},{\"@type\":\"BreadcrumbList\",\"@id\":\"https:\/\/amtsolutions.pl\/carrer\/#breadcrumb\",\"itemListElement\":[{\"@type\":\"ListItem\",\"position\":1,\"name\":\"Home\",\"item\":\"https:\/\/amtsolutions.pl\/\"},{\"@type\":\"ListItem\",\"position\":2,\"name\":\"carrer\"}]},{\"@type\":\"WebSite\",\"@id\":\"https:\/\/amtsolutions.pl\/#website\",\"url\":\"https:\/\/amtsolutions.pl\/\",\"name\":\"AMT Solutions\",\"description\":\"Your electrical partner.\",\"publisher\":{\"@id\":\"https:\/\/amtsolutions.pl\/#organization\"},\"potentialAction\":[{\"@type\":\"SearchAction\",\"target\":{\"@type\":\"EntryPoint\",\"urlTemplate\":\"https:\/\/amtsolutions.pl\/?s={search_term_string}\"},\"query-input\":\"required name=search_term_string\"}],\"inLanguage\":\"pl-PL\"},{\"@type\":\"Organization\",\"@id\":\"https:\/\/amtsolutions.pl\/#organization\",\"name\":\"AMT Solutions\",\"url\":\"https:\/\/amtsolutions.pl\/\",\"logo\":{\"@type\":\"ImageObject\",\"inLanguage\":\"pl-PL\",\"@id\":\"https:\/\/amtsolutions.pl\/#\/schema\/logo\/image\/\",\"url\":\"https:\/\/amtsolutions.pl\/wp-content\/uploads\/2023\/03\/AMT_LOGO_FIN.png\",\"contentUrl\":\"https:\/\/amtsolutions.pl\/wp-content\/uploads\/2023\/03\/AMT_LOGO_FIN.png\",\"width\":1676,\"height\":673,\"caption\":\"AMT Solutions\"},\"image\":{\"@id\":\"https:\/\/amtsolutions.pl\/#\/schema\/logo\/image\/\"}}]}<\/script>\n<!-- \/ Yoast SEO plugin. -->","yoast_head_json":{"title":"carrer - AMT Solutions","robots":{"index":"index","follow":"follow","max-snippet":"max-snippet:-1","max-image-preview":"max-image-preview:large","max-video-preview":"max-video-preview:-1"},"canonical":"https:\/\/amtsolutions.pl\/pl\/carrer\/","og_locale":"pl_PL","og_type":"article","og_title":"carrer - AMT Solutions","og_description":"Career Due to the continuous development of the company, we are regularly looking for candidates to join our team. We are looking for employees for the following positions: We offer an attractive salary, depending on your experience, the necessary work tools and the possibility of professional development. If you are interested, send us your CV [&hellip;]","og_url":"https:\/\/amtsolutions.pl\/pl\/carrer\/","og_site_name":"AMT Solutions","article_modified_time":"2023-04-03T19:02:24+00:00","twitter_card":"summary_large_image","twitter_misc":{"Szacowany czas czytania":"1 minuta"},"schema":{"@context":"https:\/\/schema.org","@graph":[{"@type":"WebPage","@id":"https:\/\/amtsolutions.pl\/carrer\/","url":"https:\/\/amtsolutions.pl\/carrer\/","name":"carrer - AMT Solutions","isPartOf":{"@id":"https:\/\/amtsolutions.pl\/#website"},"datePublished":"2023-03-08T21:47:47+00:00","dateModified":"2023-04-03T19:02:24+00:00","breadcrumb":{"@id":"https:\/\/amtsolutions.pl\/carrer\/#breadcrumb"},"inLanguage":"pl-PL","potentialAction":[{"@type":"ReadAction","target":["https:\/\/amtsolutions.pl\/carrer\/"]}]},{"@type":"BreadcrumbList","@id":"https:\/\/amtsolutions.pl\/carrer\/#breadcrumb","itemListElement":[{"@type":"ListItem","position":1,"name":"Home","item":"https:\/\/amtsolutions.pl\/"},{"@type":"ListItem","position":2,"name":"carrer"}]},{"@type":"WebSite","@id":"https:\/\/amtsolutions.pl\/#website","url":"https:\/\/amtsolutions.pl\/","name":"AMT Solutions","description":"Your electrical partner.","publisher":{"@id":"https:\/\/amtsolutions.pl\/#organization"},"potentialAction":[{"@type":"SearchAction","target":{"@type":"EntryPoint","urlTemplate":"https:\/\/amtsolutions.pl\/?s={search_term_string}"},"query-input":"required name=search_term_string"}],"inLanguage":"pl-PL"},{"@type":"Organization","@id":"https:\/\/amtsolutions.pl\/#organization","name":"AMT Solutions","url":"https:\/\/amtsolutions.pl\/","logo":{"@type":"ImageObject","inLanguage":"pl-PL","@id":"https:\/\/amtsolutions.pl\/#\/schema\/logo\/image\/","url":"https:\/\/amtsolutions.pl\/wp-content\/uploads\/2023\/03\/AMT_LOGO_FIN.png","contentUrl":"https:\/\/amtsolutions.pl\/wp-content\/uploads\/2023\/03\/AMT_LOGO_FIN.png","width":1676,"height":673,"caption":"AMT Solutions"},"image":{"@id":"https:\/\/amtsolutions.pl\/#\/schema\/logo\/image\/"}}]}},"_links":{"self":[{"href":"https:\/\/amtsolutions.pl\/pl\/wp-json\/wp\/v2\/pages\/16"}],"collection":[{"href":"https:\/\/amtsolutions.pl\/pl\/wp-json\/wp\/v2\/pages"}],"about":[{"href":"https:\/\/amtsolutions.pl\/pl\/wp-json\/wp\/v2\/types\/page"}],"author":[{"embeddable":true,"href":"https:\/\/amtsolutions.pl\/pl\/wp-json\/wp\/v2\/users\/2"}],"replies":[{"embeddable":true,"href":"https:\/\/amtsolutions.pl\/pl\/wp-json\/wp\/v2\/comments?post=16"}],"version-history":[{"count":45,"href":"https:\/\/amtsolutions.pl\/pl\/wp-json\/wp\/v2\/pages\/16\/revisions"}],"predecessor-version":[{"id":853,"href":"https:\/\/amtsolutions.pl\/pl\/wp-json\/wp\/v2\/pages\/16\/revisions\/853"}],"wp:attachment":[{"href":"https:\/\/amtsolutions.pl\/pl\/wp-json\/wp\/v2\/media?parent=16"}],"curies":[{"name":"wp","href":"https:\/\/api.w.org\/{rel}","templated":true}]}}