{"id":15,"date":"2023-03-08T22:47:47","date_gmt":"2023-03-08T21:47:47","guid":{"rendered":"http:\/\/amtsolutions.pl\/?page_id=15"},"modified":"2023-04-03T21:02:36","modified_gmt":"2023-04-03T19:02:36","slug":"projects-references","status":"publish","type":"page","link":"https:\/\/amtsolutions.pl\/fr\/projects-references\/","title":{"rendered":"projects-references"},"content":{"rendered":"<div class=\"kb-row-layout-wrap kb-row-layout-id_aede31-df alignnone wp-block-kadence-rowlayout\"><div class=\"kt-row-column-wrap kt-has-1-columns kt-row-layout-equal kt-tab-layout-inherit kt-mobile-layout-row kt-row-valign-top kb-theme-content-width\">\n\n<div class=\"wp-block-kadence-column kadence-column_7e0ee4-2f inner-column-1\"><div class=\"kt-inside-inner-col\">\n<h1 class=\"kt-adv-heading_1c3174-9c wp-block-kadence-advancedheading has-theme-palette-3-color has-text-color\" data-kb-block=\"kb-adv-heading_1c3174-9c\"><strong>Exemples de projets r\u00e9alis\u00e9s<\/strong><\/h1>\n\n\n\n<div class=\"wp-block-kadence-spacer aligncenter kt-block-spacer-_8efc76-f6\"><div class=\"kt-block-spacer kt-block-spacer-halign-left\"><hr class=\"kt-divider\"\/><\/div><\/div>\n\n\n\n<p><strong>2021<\/strong> - en cours - Lotos Petrobaltic - installations \u00e9lectriques sur des plates-formes offshore en mer Baltique.&nbsp;<\/p>\n\n\n\n<p><strong>2021\/2022<\/strong>  - Lotos Service \u2013 travaux li\u00e9s \u00e0 l'automatisation pendant les arr\u00eats de printemps.<\/p>\n\n\n\n<p><strong>2020\/2021<\/strong> Umicore Gigafactory \u00e0 Nysa - installations \u00e9lectriques dans une usine nouvellement construite pour la production de mat\u00e9riaux cathodiques pour les voitures \u00e9lectriques.<\/p>\n\n\n\n<p class=\"has-system-font-family\"><strong>2019<\/strong>&nbsp;- en cours - Installations \u00e9lectriques lors de la modernisation des syst\u00e8mes de nettoyage sur divers navires<br>\u00e0 passagers et porte-conteneurs dans des chantiers navals aux Bahamas, en Chine, en Australie et \u00e0 Singapour.<\/p>\n\n\n\n<p><strong>2018<\/strong>&nbsp;- en cours - R\u00e9paration navale - installations \u00e9lectriques sur divers navires r\u00e9par\u00e9s.&nbsp;<\/p>\n\n\n\n<p><strong>2018\/2019&nbsp;<\/strong>Projet EFRA pour Lotos SA. Port\u00e9e des travaux : installations \u00e9lectriques dans le cadre du projet \u00ab Raffinage Efficient \u00bb \u00e0 la raffinerie Lotos de Gda\u0144sk.<\/p>\n\n\n\n<p><strong>2018\/2019<\/strong>&nbsp;- Spirit of Vancouver Island - Remontowa SA. Port\u00e9e des travaux : installations \u00e9lectriques et en acier - salle des machines, syst\u00e8me d'\u00e9clairage.<\/p>\n\n\n\n<p><strong>2018\/2019<\/strong>&nbsp;- Lotos Petrobaltic - Remontowa Shipbuilding. Port\u00e9e des travaux : installations \u00e9lectriques et en acier dans l'appareillage de commutation de puissance de la plate-forme de forage de production.&nbsp;<\/p>\n\n\n\n<p><strong>2018<\/strong>&nbsp;- Spirit of British Columbia - Remontowa Shipbuilding. Port\u00e9e des travaux : installations \u00e9lectriques et en acier sur un ferry modernis\u00e9.<\/p>\n\n\n\n<p><strong>2017<\/strong>&nbsp;- Installations \u00e9lectriques sur un navire \u00e0 passagers nouvellement construit au chantier naval Meyerwerft.<\/p>\n\n\n\n<p><strong>2017<\/strong>&nbsp;- EG SA - installations \u00e9lectriques sur deux ferries nouvellement construits au chantier naval de Gdansk.<\/p>\n\n\n\n<p><strong>2016<\/strong>&nbsp;- Installations \u00e9lectriques sur des ferries r\u00e9par\u00e9s et des navires offshore dans les chantiers navals de Gdansk.<\/p>\n\n\n\n<p><strong>2016<\/strong>&nbsp;- Travaux de soudage au Chantier Naval de Gdansk lors de la production de fondations d'\u00e9oliennes.&nbsp;<\/p>\n<\/div><\/div>\n\n<\/div><\/div>\n\n\n<p><\/p>","protected":false},"excerpt":{"rendered":"<p>Examples of executed projects 2021 \u2013 ongoing Lotos Petrobaltic \u2013 electrical installation at offshore rigs on Baltic sea.&nbsp; 2021\/2022 \u2013 &nbsp;Lotos Servicer \u2013 &nbsp;automation works during \u2018spring\u2019 shutdown 2020\/2021 \u2013 Umicore Gigafactory in Nysa \u2013 El-installations at new built production facility for cathode active materials for electric vehicles. 2019&nbsp;\u2013 ongoing\u2013 Electrical installations on retrofit of [&hellip;]<\/p>\n","protected":false},"author":2,"featured_media":0,"parent":0,"menu_order":0,"comment_status":"closed","ping_status":"closed","template":"","meta":{"_gspb_post_css":""},"yoast_head":"<!-- This site is optimized with the Yoast SEO plugin v20.11 - https:\/\/yoast.com\/wordpress\/plugins\/seo\/ -->\n<title>projects-references - AMT Solutions<\/title>\n<meta name=\"robots\" content=\"index, follow, max-snippet:-1, max-image-preview:large, max-video-preview:-1\" \/>\n<link rel=\"canonical\" href=\"https:\/\/amtsolutions.pl\/fr\/projects-references\/\" \/>\n<meta property=\"og:locale\" content=\"fr_FR\" \/>\n<meta property=\"og:type\" content=\"article\" \/>\n<meta property=\"og:title\" content=\"projects-references - AMT Solutions\" \/>\n<meta property=\"og:description\" content=\"Examples of executed projects 2021 \u2013 ongoing Lotos Petrobaltic \u2013 electrical installation at offshore rigs on Baltic sea.&nbsp; 2021\/2022 \u2013 &nbsp;Lotos Servicer \u2013 &nbsp;automation works during \u2018spring\u2019 shutdown 2020\/2021 \u2013 Umicore Gigafactory in Nysa \u2013 El-installations at new built production facility for cathode active materials for electric vehicles. 2019&nbsp;\u2013 ongoing\u2013 Electrical installations on retrofit of [&hellip;]\" \/>\n<meta property=\"og:url\" content=\"https:\/\/amtsolutions.pl\/fr\/projects-references\/\" \/>\n<meta property=\"og:site_name\" content=\"AMT Solutions\" \/>\n<meta property=\"article:modified_time\" content=\"2023-04-03T19:02:36+00:00\" \/>\n<meta name=\"twitter:card\" content=\"summary_large_image\" \/>\n<meta name=\"twitter:label1\" content=\"Dur\u00e9e de lecture estim\u00e9e\" \/>\n\t<meta name=\"twitter:data1\" content=\"2 minutes\" \/>\n<script type=\"application\/ld+json\" class=\"yoast-schema-graph\">{\"@context\":\"https:\/\/schema.org\",\"@graph\":[{\"@type\":\"WebPage\",\"@id\":\"https:\/\/amtsolutions.pl\/projects-references\/\",\"url\":\"https:\/\/amtsolutions.pl\/projects-references\/\",\"name\":\"projects-references - AMT Solutions\",\"isPartOf\":{\"@id\":\"https:\/\/amtsolutions.pl\/#website\"},\"datePublished\":\"2023-03-08T21:47:47+00:00\",\"dateModified\":\"2023-04-03T19:02:36+00:00\",\"breadcrumb\":{\"@id\":\"https:\/\/amtsolutions.pl\/projects-references\/#breadcrumb\"},\"inLanguage\":\"fr-FR\",\"potentialAction\":[{\"@type\":\"ReadAction\",\"target\":[\"https:\/\/amtsolutions.pl\/projects-references\/\"]}]},{\"@type\":\"BreadcrumbList\",\"@id\":\"https:\/\/amtsolutions.pl\/projects-references\/#breadcrumb\",\"itemListElement\":[{\"@type\":\"ListItem\",\"position\":1,\"name\":\"Home\",\"item\":\"https:\/\/amtsolutions.pl\/\"},{\"@type\":\"ListItem\",\"position\":2,\"name\":\"projects-references\"}]},{\"@type\":\"WebSite\",\"@id\":\"https:\/\/amtsolutions.pl\/#website\",\"url\":\"https:\/\/amtsolutions.pl\/\",\"name\":\"AMT Solutions\",\"description\":\"Your electrical partner.\",\"publisher\":{\"@id\":\"https:\/\/amtsolutions.pl\/#organization\"},\"potentialAction\":[{\"@type\":\"SearchAction\",\"target\":{\"@type\":\"EntryPoint\",\"urlTemplate\":\"https:\/\/amtsolutions.pl\/?s={search_term_string}\"},\"query-input\":\"required name=search_term_string\"}],\"inLanguage\":\"fr-FR\"},{\"@type\":\"Organization\",\"@id\":\"https:\/\/amtsolutions.pl\/#organization\",\"name\":\"AMT Solutions\",\"url\":\"https:\/\/amtsolutions.pl\/\",\"logo\":{\"@type\":\"ImageObject\",\"inLanguage\":\"fr-FR\",\"@id\":\"https:\/\/amtsolutions.pl\/#\/schema\/logo\/image\/\",\"url\":\"https:\/\/amtsolutions.pl\/wp-content\/uploads\/2023\/03\/AMT_LOGO_FIN.png\",\"contentUrl\":\"https:\/\/amtsolutions.pl\/wp-content\/uploads\/2023\/03\/AMT_LOGO_FIN.png\",\"width\":1676,\"height\":673,\"caption\":\"AMT Solutions\"},\"image\":{\"@id\":\"https:\/\/amtsolutions.pl\/#\/schema\/logo\/image\/\"}}]}<\/script>\n<!-- \/ Yoast SEO plugin. -->","yoast_head_json":{"title":"projects-references - AMT Solutions","robots":{"index":"index","follow":"follow","max-snippet":"max-snippet:-1","max-image-preview":"max-image-preview:large","max-video-preview":"max-video-preview:-1"},"canonical":"https:\/\/amtsolutions.pl\/fr\/projects-references\/","og_locale":"fr_FR","og_type":"article","og_title":"projects-references - AMT Solutions","og_description":"Examples of executed projects 2021 \u2013 ongoing Lotos Petrobaltic \u2013 electrical installation at offshore rigs on Baltic sea.&nbsp; 2021\/2022 \u2013 &nbsp;Lotos Servicer \u2013 &nbsp;automation works during \u2018spring\u2019 shutdown 2020\/2021 \u2013 Umicore Gigafactory in Nysa \u2013 El-installations at new built production facility for cathode active materials for electric vehicles. 2019&nbsp;\u2013 ongoing\u2013 Electrical installations on retrofit of [&hellip;]","og_url":"https:\/\/amtsolutions.pl\/fr\/projects-references\/","og_site_name":"AMT Solutions","article_modified_time":"2023-04-03T19:02:36+00:00","twitter_card":"summary_large_image","twitter_misc":{"Dur\u00e9e de lecture estim\u00e9e":"2 minutes"},"schema":{"@context":"https:\/\/schema.org","@graph":[{"@type":"WebPage","@id":"https:\/\/amtsolutions.pl\/projects-references\/","url":"https:\/\/amtsolutions.pl\/projects-references\/","name":"projects-references - AMT Solutions","isPartOf":{"@id":"https:\/\/amtsolutions.pl\/#website"},"datePublished":"2023-03-08T21:47:47+00:00","dateModified":"2023-04-03T19:02:36+00:00","breadcrumb":{"@id":"https:\/\/amtsolutions.pl\/projects-references\/#breadcrumb"},"inLanguage":"fr-FR","potentialAction":[{"@type":"ReadAction","target":["https:\/\/amtsolutions.pl\/projects-references\/"]}]},{"@type":"BreadcrumbList","@id":"https:\/\/amtsolutions.pl\/projects-references\/#breadcrumb","itemListElement":[{"@type":"ListItem","position":1,"name":"Home","item":"https:\/\/amtsolutions.pl\/"},{"@type":"ListItem","position":2,"name":"projects-references"}]},{"@type":"WebSite","@id":"https:\/\/amtsolutions.pl\/#website","url":"https:\/\/amtsolutions.pl\/","name":"AMT Solutions","description":"Your electrical partner.","publisher":{"@id":"https:\/\/amtsolutions.pl\/#organization"},"potentialAction":[{"@type":"SearchAction","target":{"@type":"EntryPoint","urlTemplate":"https:\/\/amtsolutions.pl\/?s={search_term_string}"},"query-input":"required name=search_term_string"}],"inLanguage":"fr-FR"},{"@type":"Organization","@id":"https:\/\/amtsolutions.pl\/#organization","name":"AMT Solutions","url":"https:\/\/amtsolutions.pl\/","logo":{"@type":"ImageObject","inLanguage":"fr-FR","@id":"https:\/\/amtsolutions.pl\/#\/schema\/logo\/image\/","url":"https:\/\/amtsolutions.pl\/wp-content\/uploads\/2023\/03\/AMT_LOGO_FIN.png","contentUrl":"https:\/\/amtsolutions.pl\/wp-content\/uploads\/2023\/03\/AMT_LOGO_FIN.png","width":1676,"height":673,"caption":"AMT Solutions"},"image":{"@id":"https:\/\/amtsolutions.pl\/#\/schema\/logo\/image\/"}}]}},"_links":{"self":[{"href":"https:\/\/amtsolutions.pl\/fr\/wp-json\/wp\/v2\/pages\/15"}],"collection":[{"href":"https:\/\/amtsolutions.pl\/fr\/wp-json\/wp\/v2\/pages"}],"about":[{"href":"https:\/\/amtsolutions.pl\/fr\/wp-json\/wp\/v2\/types\/page"}],"author":[{"embeddable":true,"href":"https:\/\/amtsolutions.pl\/fr\/wp-json\/wp\/v2\/users\/2"}],"replies":[{"embeddable":true,"href":"https:\/\/amtsolutions.pl\/fr\/wp-json\/wp\/v2\/comments?post=15"}],"version-history":[{"count":29,"href":"https:\/\/amtsolutions.pl\/fr\/wp-json\/wp\/v2\/pages\/15\/revisions"}],"predecessor-version":[{"id":854,"href":"https:\/\/amtsolutions.pl\/fr\/wp-json\/wp\/v2\/pages\/15\/revisions\/854"}],"wp:attachment":[{"href":"https:\/\/amtsolutions.pl\/fr\/wp-json\/wp\/v2\/media?parent=15"}],"curies":[{"name":"wp","href":"https:\/\/api.w.org\/{rel}","templated":true}]}}